{"id":204730,"date":"2018-01-19T12:01:30","date_gmt":"2018-01-19T11:01:30","guid":{"rendered":"http:\/\/www.aparthotel-pecic.com\/apartmani-gradac\/naslovna-copy\/"},"modified":"2025-12-03T15:30:21","modified_gmt":"2025-12-03T14:30:21","slug":"apartmani","status":"publish","type":"page","link":"https:\/\/www.aparthotel-pecic.com\/apartmani-gradac\/apartmani\/","title":{"rendered":"Apartmani"},"content":{"rendered":"<p>[et_pb_section fb_built=\"1\" fullwidth=\"on\" _builder_version=\"3.0.96\" custom_padding=\"0px|0px|0px|0px\"][et_pb_fullwidth_slider module_class=\"et_fullscreen_slider\" _builder_version=\"3.0.101\" parallax=\"on\" custom_padding=\"|||\" box_shadow_style=\"preset6\" box_shadow_blur=\"10px\" box_shadow_color=\"rgba(0,0,0,0.1)\"][et_pb_slide heading=\" U\u017eivajte u na\u0161em ugodnom smje\u0161taju\" use_bg_overlay=\"off\" use_text_overlay=\"off\" _builder_version=\"3.0.101\" background_image=\"https:\/\/www.aparthotel-pecic.com\/apartmani-gradac\/wp-content\/uploads\/g-1-2.jpg\" custom_button=\"on\" button_bg_color=\"#0c71c3\" button_bg_color_gradient_start=\"#0c71c3\" button_bg_color_gradient_end=\"#000000\" button_use_icon=\"on\" button_icon=\"%%36%%\" button_on_hover=\"off\" button_text_shadow_style=\"preset5\" box_shadow_style_button=\"preset6\" background_color=\"#ffffff\" header_font=\"||||||||\" header_level=\"h2\" header_letter_spacing=\"0px\" header_line_height=\"1em\" header_text_shadow_style=\"preset2\" header_text_shadow_color=\"rgba(12,12,12,0.4)\"][\/et_pb_slide][\/et_pb_fullwidth_slider][\/et_pb_section][et_pb_section fb_built=\"1\" background_color=\"#e9f0f6\" admin_label=\"Header Section\" _builder_version=\"3.0.101\" custom_padding=\"60px|0px|54px|0px|false|false\" bottom_divider_color=\"#f2f2f2\" bottom_divider_height_tablet=\"52px\" bottom_divider_height_phone=\"0px\" bottom_divider_height_last_edited=\"on|phone\"][et_pb_row _builder_version=\"3.0.47\" background_size=\"initial\" background_position=\"top_left\" background_repeat=\"repeat\"][et_pb_column type=\"4_4\" _builder_version=\"3.0.47\" parallax=\"off\" parallax_method=\"on\"][et_pb_text _builder_version=\"3.0.96\"]<\/p>\n<h3 style=\"text-align: center;\">Apartmani sa bazenom Gradac<\/h3>\n<h1 style=\"text-align: center;\">Za ugodan i prijatan odmor na moru<\/h1>\n<p>[\/et_pb_text][et_pb_divider _builder_version=\"3.0.96\"]<\/p>\n<p>[\/et_pb_divider][\/et_pb_column][\/et_pb_row][et_pb_row use_custom_width=\"on\" custom_width_px=\"1350px\" use_custom_gutter=\"on\" gutter_width=\"1\" make_equal=\"on\" background_color_1=\"#ffffff\" padding_top_1=\"60px\" padding_right_1=\"60px\" padding_bottom_1=\"60px\" padding_left_1=\"60px\" padding_1_tablet=\"30px|30px|30px|30px\" padding_1_phone=\"10px|10px|10px|10px\" padding_1_last_edited=\"on|phone\" admin_label=\"Case Study Row\" _builder_version=\"3.17.2\"][et_pb_column type=\"1_2\" _builder_version=\"3.0.47\" padding_phone=\"10px|10px|10px|10px\" padding_tablet=\"30px|30px|30px|30px\" padding_last_edited=\"on|phone\" padding_bottom=\"60px\" padding_left=\"60px\" padding_right=\"60px\" padding_top=\"60px\" background_color=\"#ffffff\" parallax=\"off\" parallax_method=\"on\"][et_pb_text _builder_version=\"3.0.101\" text_font=\"||||||||\" header_font=\"||||||||\" header_2_font=\"||||||||\" header_3_font=\"||||||||\" header_4_font=\"||||||||\" header_4_line_height=\"1.3em\" header_4_line_height_phone=\"1.3em\" header_4_line_height_last_edited=\"on|phone\" header_5_font=\"||||||||\" header_6_font=\"||||||||\" background_color=\"rgba(0,0,0,0)\" custom_padding=\"10px|10px|10px|10px\" animation_style=\"slide\" animation_direction=\"top\" animation_intensity_slide=\"5%\" animation_speed_curve=\"ease-out\"]<\/p>\n<h3>Apartmani i studio apartmani za 2 do 5 osoba<\/h3>\n<p>Svi apartmani su klimatizirani, imaju kuhinju, kupatilo sa wc-om, Sat\/TV ure\u0111aj i dostupnu Wi-Fi mre\u017eu besplatno.<\/p>\n<p>Svim na\u0161im gostima na raspolaganju je vanjski bazen sa prekrasnim pogledom na more i obli\u017enji oto\u010dki arhipelag, a za Va\u0161a vozila osigurali smo vrlo prostran parking u sklopu hotela \u010dije kori\u0161tenje je uklju\u010deno u cijenu smje\u0161taja.<\/p>\n<p>[\/et_pb_text][et_pb_text _builder_version=\"3.0.101\" text_font_size=\"16px\" text_line_height=\"1.5em\" border_width_bottom=\"1px\" border_color_bottom=\"#f5f5f5\" custom_padding=\"20px|10px||10px\" custom_padding_phone=\"|15px||15px\" custom_padding_last_edited=\"on|desktop\" box_shadow_style=\"preset3\" box_shadow_vertical=\"2px\" box_shadow_blur=\"10px\" box_shadow_spread=\"-4px\"]<\/p>\n<h4 style=\"text-align: left;\"><em>\"Odli\u010dan smje\u0161taj\u201d<\/em><\/h4>\n<p style=\"text-align: left;\"><em>\u201cVlasnici i osoblje objekta su jako ljubazni. Atmosfera u objektu le\u017eerna \u0161to mi se posebno svidjelo.\u201d<\/em><\/p>\n<h5 style=\"text-align: right;\"><em>Davorka<\/em><\/h5>\n<p>[\/et_pb_text][\/et_pb_column][et_pb_column type=\"1_2\" _builder_version=\"3.0.47\" parallax=\"off\" parallax_method=\"on\"][et_pb_image src=\"https:\/\/www.aparthotel-pecic.com\/apartments-gradac\/wp-content\/uploads\/view-1.jpg\" show_in_lightbox=\"on\" _builder_version=\"3.0.101\" border_radii=\"||||\"][\/et_pb_image][\/et_pb_column][\/et_pb_row][\/et_pb_section][et_pb_section fb_built=\"1\" disabled_on=\"on|off|off\" _builder_version=\"3.17.2\" use_background_color_gradient=\"on\" background_color_gradient_start=\"#f2f2f2\" background_color_gradient_end=\"#ffffff\" custom_padding=\"28px|0px|0px|0px\"][et_pb_row make_fullwidth=\"on\" use_custom_gutter=\"on\" gutter_width=\"1\" custom_padding=\"30px|0px|60px|0px\" make_equal=\"on\" _builder_version=\"3.0.97\"][et_pb_column type=\"4_4\" _builder_version=\"3.0.47\" parallax=\"off\" parallax_method=\"on\"][et_pb_text _builder_version=\"3.0.101\" header_font=\"||||||||\"]<\/p>\n<h2 style=\"text-align: center;\">Apartmani gallery<\/h2>\n<p>[\/et_pb_text][et_pb_divider _builder_version=\"3.2\"][\/et_pb_divider][et_pb_gallery gallery_ids=\"208003,208132,208163,208157,208155,208020,208024,208170,208171,208001,208172,208026,208021,208161,208018,208017,208016,208015,208181,208014,208162,208013,208012,208179,208011,208156,208010,208009,208158,208008,208173,208007,208006,208005,208004,208027,208025,208165,208175,208159,208177,208168\" gallery_captions=\",,,,,,,,,,,,,,,,,,,,,,,,,,,,,,,,,,,,,,,,,\" posts_number=\"35\" show_title_and_caption=\"off\" show_pagination=\"off\" zoom_icon_color=\"#2ea3f2\" hover_overlay_color=\"rgba(255,255,255,0.5)\" hover_icon=\"%%13%%\" _builder_version=\"3.0.101\" pagination_font_size_tablet=\"51\" pagination_line_height_tablet=\"2\" custom_css_gallery_item=\"margin: 0 !important;||clear: none !important;||width: 25% !important;||padding: 5px !important;||||\"][\/et_pb_gallery][\/et_pb_column][\/et_pb_row][\/et_pb_section][et_pb_section fb_built=\"1\" background_color=\"#e9f0f6\" disabled_on=\"off|on|on\" admin_label=\"Hero Section\" _builder_version=\"3.17.2\" background_position=\"top_center\" custom_padding=\"11px|0|22px|0\" top_divider_height=\"40px\" top_divider_height_tablet=\"40px\" top_divider_height_phone=\"30px\" top_divider_height_last_edited=\"on|phone\" bottom_divider_height=\"40px\" bottom_divider_flip=\"vertical|horizontal\" bottom_divider_height_tablet=\"40px\" bottom_divider_height_phone=\"30px\" bottom_divider_height_last_edited=\"on|phone\"][\/et_pb_section]<\/p>\n","protected":false},"excerpt":{"rendered":"<p>[et_pb_section fb_built=\"1\" fullwidth=\"on\" _builder_version=\"3.0.96\" custom_padding=\"0px|0px|0px|0px\"][et_pb_fullwidth_slider module_class=\"et_fullscreen_slider\" _builder_version=\"3.0.101\" parallax=\"on\" custom_padding=\"|||\" box_shadow_style=\"preset6\" box_shadow_blur=\"10px\" box_shadow_color=\"rgba(0,0,0,0.1)\"][et_pb_slide heading=\" U\u017eivajte u na\u0161em ugodnom smje\u0161taju\" use_bg_overlay=\"off\" use_text_overlay=\"off\" _builder_version=\"3.0.101\" background_image=\"https:\/\/www.aparthotel-pecic.com\/apartmani-gradac\/wp-content\/uploads\/g-1-2.jpg\" custom_button=\"on\" button_bg_color=\"#0c71c3\" button_bg_color_gradient_start=\"#0c71c3\" button_bg_color_gradient_end=\"#000000\" button_use_icon=\"on\" button_icon=\"%%36%%\" button_on_hover=\"off\" button_text_shadow_style=\"preset5\" box_shadow_style_button=\"preset6\" background_color=\"#ffffff\" header_font=\"||||||||\" header_level=\"h2\" header_letter_spacing=\"0px\" header_line_height=\"1em\" header_text_shadow_style=\"preset2\" header_text_shadow_color=\"rgba(12,12,12,0.4)\"][\/et_pb_slide][\/et_pb_fullwidth_slider][\/et_pb_section][et_pb_section fb_built=\"1\" background_color=\"#e9f0f6\" admin_label=\"Header Section\" _builder_version=\"3.0.101\" custom_padding=\"60px|0px|54px|0px|false|false\" bottom_divider_color=\"#f2f2f2\" bottom_divider_height_tablet=\"52px\" bottom_divider_height_phone=\"0px\" bottom_divider_height_last_edited=\"on|phone\"][et_pb_row _builder_version=\"3.0.47\" background_size=\"initial\" background_position=\"top_left\" background_repeat=\"repeat\"][et_pb_column type=\"4_4\" _builder_version=\"3.0.47\" parallax=\"off\" [&hellip;]<\/p>\n","protected":false},"author":1,"featured_media":0,"parent":0,"menu_order":0,"comment_status":"closed","ping_status":"closed","template":"","meta":{"footnotes":""},"class_list":["post-204730","page","type-page","status-publish","hentry"],"_links":{"self":[{"href":"https:\/\/www.aparthotel-pecic.com\/apartmani-gradac\/wp-json\/wp\/v2\/pages\/204730","targetHints":{"allow":["GET"]}}],"collection":[{"href":"https:\/\/www.aparthotel-pecic.com\/apartmani-gradac\/wp-json\/wp\/v2\/pages"}],"about":[{"href":"https:\/\/www.aparthotel-pecic.com\/apartmani-gradac\/wp-json\/wp\/v2\/types\/page"}],"author":[{"embeddable":true,"href":"https:\/\/www.aparthotel-pecic.com\/apartmani-gradac\/wp-json\/wp\/v2\/users\/1"}],"replies":[{"embeddable":true,"href":"https:\/\/www.aparthotel-pecic.com\/apartmani-gradac\/wp-json\/wp\/v2\/comments?post=204730"}],"version-history":[{"count":66,"href":"https:\/\/www.aparthotel-pecic.com\/apartmani-gradac\/wp-json\/wp\/v2\/pages\/204730\/revisions"}],"predecessor-version":[{"id":208182,"href":"https:\/\/www.aparthotel-pecic.com\/apartmani-gradac\/wp-json\/wp\/v2\/pages\/204730\/revisions\/208182"}],"wp:attachment":[{"href":"https:\/\/www.aparthotel-pecic.com\/apartmani-gradac\/wp-json\/wp\/v2\/media?parent=204730"}],"curies":[{"name":"wp","href":"https:\/\/api.w.org\/{rel}","templated":true}]}}