{"id":206150,"date":"2018-01-23T14:43:32","date_gmt":"2018-01-23T13:43:32","guid":{"rendered":"http:\/\/www.aparthotel-pecic.com\/apartmani-gradac\/?page_id=206150"},"modified":"2025-11-12T01:21:03","modified_gmt":"2025-11-12T00:21:03","slug":"kontakt","status":"publish","type":"page","link":"https:\/\/www.aparthotel-pecic.com\/apartmani-gradac\/kontakt\/","title":{"rendered":"Kontakt"},"content":{"rendered":"<p>[et_pb_section fb_built=\"1\" _builder_version=\"3.17.2\" custom_padding=\"40px|0px|40px|0px|false|false\"][et_pb_row custom_padding=\"9px|0px|30px|0px|false|false\" custom_padding_phone=\"3vw|||\" custom_margin=\"|||\" admin_label=\"Header Row\" custom_padding_last_edited=\"off|desktop\" _builder_version=\"3.0.92\" background_size=\"initial\" background_position=\"top_left\" background_repeat=\"repeat\" locked=\"off\"][et_pb_column type=\"4_4\" _builder_version=\"3.0.47\" parallax=\"off\" parallax_method=\"on\"][et_pb_text _builder_version=\"3.0.101\" text_font=\"||||||||\" header_font=\"Playfair Display||||||||\" header_2_font=\"Playfair Display||||||||\" header_2_text_align=\"center\" header_2_font_size=\"36px\" header_2_text_color=\"##417db8\" header_2_line_height=\"1.3em\" header_3_font=\"||||||||\" custom_margin=\"||0px|\" custom_padding=\"|||\" animation_style=\"slide\" animation_direction=\"top\" animation_intensity_slide=\"20%\" animation_starting_opacity=\"100%\"]<\/p>\n<h1 style=\"text-align: center;\">Kontaktirajte nas za najbolju cijenu<\/h1>\n<p>[\/et_pb_text][\/et_pb_column][\/et_pb_row][et_pb_row use_custom_width=\"on\" custom_width_px=\"1350px\" make_equal=\"on\" bg_img_1=\"https:\/\/www.aparthotel-pecic.com\/apartmani-gradac\/wp-content\/uploads\/form-bg.png\" bg_img_2=\"https:\/\/www.aparthotel-pecic.com\/apartmani-gradac\/wp-content\/uploads\/form-bg.png\" background_size_1=\"initial\" background_size_2=\"initial\" _builder_version=\"3.17.2\" background_size=\"initial\" background_position=\"top_left\" background_repeat=\"repeat\"][et_pb_column type=\"2_3\" _builder_version=\"3.0.47\" bg_img=\"https:\/\/www.aparthotel-pecic.com\/apartmani-gradac\/wp-content\/uploads\/form-bg.png\" parallax=\"off\" parallax_method=\"on\" background_size=\"initial\"][et_pb_divider _builder_version=\"3.2\"][\/et_pb_divider][et_pb_text _builder_version=\"3.0.106\"]<\/p>\n<h3 style=\"text-align: center;\">Zahtjev za rezervaciju<\/h3>\n<p>[\/et_pb_text][et_pb_divider _builder_version=\"3.2\"][\/et_pb_divider][et_pb_code _builder_version=\"3.0.101\"]<style id=\"wpforms-css-vars-0\">\n\t\t\t\t#wpforms-0 {\n\t\t\t\t\n\t\t\t}\n\t\t\t<\/style>[\/et_pb_code][\/et_pb_column][et_pb_column type=\"1_3\" _builder_version=\"3.0.47\" bg_img=\"https:\/\/www.aparthotel-pecic.com\/apartmani-gradac\/wp-content\/uploads\/form-bg.png\" parallax=\"off\" parallax_method=\"on\" background_size=\"initial\"][et_pb_text _builder_version=\"3.17.2\" custom_padding=\"20px||\"]<\/p>\n<h3 style=\"text-align: center;\">Kontakt<\/h3>\n<p>[\/et_pb_text][et_pb_text admin_label=\"Text\" _builder_version=\"3.0.101\" background_size=\"initial\" background_position=\"top_left\" background_repeat=\"repeat\" custom_padding=\"|25px||25px\" custom_padding_phone=\"|15px||15px\" custom_padding_last_edited=\"on|phone\"]<\/p>\n<p><span><strong>Dragi gosti, na na\u0161oj stranici \u0107ete prona\u0107i najbolje cijene smje\u0161taja<\/strong>. <\/span><\/p>\n<p>Da biste saznali koje su najbolje cijene soba i apartmana kontaktirajte nas direktno na slijede\u0107e na\u010dine:<\/p>\n<p>1) Po\u0161aljite nam<strong><span style=\"color: #0c71c3;\"> \"Zahtjev za rezervaciju\"<\/span>.\u00a0<\/strong><\/p>\n<p>2) Pozovite nas na broj:\u00a0<span style=\"color: #0c71c3;\"><strong>+385 (0)21 697 547<\/strong><\/span><\/p>\n<p>3) Kontaktirajte nas na mobilni telefon ili\u00a0<span style=\"color: #0c71c3;\"><strong>WhatsApp<\/strong>:\u00a0<strong>+385 (0)98 292 616<\/strong><\/span><\/p>\n<p>4) Posaljite nam email na adresu:<br \/> <strong><span><a href=\"mailto:info@aparthotel-pecic.com\">info@aparthotel-pecic.com<\/a><\/span><\/strong><\/p>\n<p>[\/et_pb_text][et_pb_text admin_label=\"Text\" _builder_version=\"3.0.106\" header_font=\"||||||||\" header_4_font=\"||||||||\" header_4_line_height=\"1.5em\" background_size=\"initial\" background_position=\"top_left\" background_repeat=\"repeat\" custom_padding=\"|15px||15px\"][\/et_pb_text][et_pb_team_member _builder_version=\"3.0.97\"][\/et_pb_team_member][\/et_pb_column][\/et_pb_row][\/et_pb_section][et_pb_section fb_built=\"1\" background_color=\"#e9f0f6\" admin_label=\"Header Section\" _builder_version=\"3.17.2\" custom_padding=\"60px|0px|54px|0px|false|false\" bottom_divider_color=\"#f2f2f2\" bottom_divider_height_tablet=\"52px\" bottom_divider_height_phone=\"0px\" bottom_divider_height_last_edited=\"on|phone\"][et_pb_row use_custom_width=\"on\" custom_width_px=\"1350px\" custom_padding=\"|||\" custom_margin=\"|||\" make_equal=\"on\" background_color_1=\"#ffffff\" background_color_2=\"#ffffff\" padding_1_tablet=\"30px|30px|30px|30px\" padding_1_phone=\"10px|10px|10px|10px\" padding_1_last_edited=\"on|desktop\" custom_css_main_2=\"margin-left:-25px\" admin_label=\"Case Study Row\" _builder_version=\"3.0.101\"][et_pb_column type=\"2_3\" _builder_version=\"3.0.47\" padding_phone=\"10px|10px|10px|10px\" padding_tablet=\"30px|30px|30px|30px\" padding_last_edited=\"on|desktop\" background_color=\"#ffffff\" parallax=\"off\" parallax_method=\"on\"][et_pb_image src=\"https:\/\/www.aparthotel-pecic.com\/apartmani-gradac\/wp-content\/uploads\/01-IMG_5886.jpg\" show_in_lightbox=\"on\" _builder_version=\"3.17.2\" border_radii=\"||||\" custom_padding=\"1px|||1px\"][\/et_pb_image][\/et_pb_column][et_pb_column type=\"1_3\" _builder_version=\"3.0.47\" background_color=\"#ffffff\" parallax=\"off\" parallax_method=\"on\" custom_css_main=\"margin-left:-25px\"][et_pb_text _builder_version=\"3.0.101\" text_font=\"||||||||\" header_font=\"||||||||\" header_2_font=\"||||||||\" header_3_font=\"||||||||\" header_4_font=\"||||||||\" header_4_line_height=\"1.3em\" header_4_line_height_phone=\"1.3em\" header_4_line_height_last_edited=\"on|phone\" header_5_font=\"||||||||\" header_6_font=\"||||||||\" background_color=\"rgba(0,0,0,0)\" custom_padding=\"10px|10px|10px|10px\" animation_style=\"slide\" animation_direction=\"top\" animation_intensity_slide=\"5%\" animation_speed_curve=\"ease-out\"]<\/p>\n<h4 style=\"text-align: center;\"><\/h4>\n<h4 style=\"text-align: center;\"><\/h4>\n<p>\u00a0<\/p>\n<p>\u00a0<\/p>\n<h4 style=\"text-align: center;\">Za sva pitanja<\/h4>\n<h4 style=\"text-align: center;\">ili dodatne informacije<\/h4>\n<h4 style=\"text-align: center;\">stoji vam na raspolaganju<\/h4>\n<h4 style=\"text-align: center;\">Sla\u0111ana Peci\u0107.<\/h4>\n<p>\u00a0<\/p>\n<p>\u00a0<\/p>\n<p>[\/et_pb_text][\/et_pb_column][\/et_pb_row][\/et_pb_section]<\/p>\n","protected":false},"excerpt":{"rendered":"<p>[et_pb_section fb_built=\"1\" _builder_version=\"3.17.2\" custom_padding=\"40px|0px|40px|0px|false|false\"][et_pb_row custom_padding=\"9px|0px|30px|0px|false|false\" custom_padding_phone=\"3vw|||\" custom_margin=\"|||\" admin_label=\"Header Row\" custom_padding_last_edited=\"off|desktop\" _builder_version=\"3.0.92\" background_size=\"initial\" background_position=\"top_left\" background_repeat=\"repeat\" locked=\"off\"][et_pb_column type=\"4_4\" _builder_version=\"3.0.47\" parallax=\"off\" parallax_method=\"on\"][et_pb_text _builder_version=\"3.0.101\" text_font=\"||||||||\" header_font=\"Playfair Display||||||||\" header_2_font=\"Playfair Display||||||||\" header_2_text_align=\"center\" header_2_font_size=\"36px\" header_2_text_color=\"##417db8\" header_2_line_height=\"1.3em\" header_3_font=\"||||||||\" custom_margin=\"||0px|\" custom_padding=\"|||\" animation_style=\"slide\" animation_direction=\"top\" animation_intensity_slide=\"20%\" animation_starting_opacity=\"100%\"] Kontaktirajte nas za najbolju cijenu [\/et_pb_text][\/et_pb_column][\/et_pb_row][et_pb_row use_custom_width=\"on\" custom_width_px=\"1350px\" make_equal=\"on\" bg_img_1=\"https:\/\/www.aparthotel-pecic.com\/apartmani-gradac\/wp-content\/uploads\/form-bg.png\" bg_img_2=\"https:\/\/www.aparthotel-pecic.com\/apartmani-gradac\/wp-content\/uploads\/form-bg.png\" background_size_1=\"initial\" background_size_2=\"initial\" _builder_version=\"3.17.2\" background_size=\"initial\" background_position=\"top_left\" background_repeat=\"repeat\"][et_pb_column type=\"2_3\" _builder_version=\"3.0.47\" [&hellip;]<\/p>\n","protected":false},"author":1,"featured_media":0,"parent":0,"menu_order":0,"comment_status":"closed","ping_status":"closed","template":"","meta":{"footnotes":""},"class_list":["post-206150","page","type-page","status-publish","hentry"],"_links":{"self":[{"href":"https:\/\/www.aparthotel-pecic.com\/apartmani-gradac\/wp-json\/wp\/v2\/pages\/206150","targetHints":{"allow":["GET"]}}],"collection":[{"href":"https:\/\/www.aparthotel-pecic.com\/apartmani-gradac\/wp-json\/wp\/v2\/pages"}],"about":[{"href":"https:\/\/www.aparthotel-pecic.com\/apartmani-gradac\/wp-json\/wp\/v2\/types\/page"}],"author":[{"embeddable":true,"href":"https:\/\/www.aparthotel-pecic.com\/apartmani-gradac\/wp-json\/wp\/v2\/users\/1"}],"replies":[{"embeddable":true,"href":"https:\/\/www.aparthotel-pecic.com\/apartmani-gradac\/wp-json\/wp\/v2\/comments?post=206150"}],"version-history":[{"count":27,"href":"https:\/\/www.aparthotel-pecic.com\/apartmani-gradac\/wp-json\/wp\/v2\/pages\/206150\/revisions"}],"predecessor-version":[{"id":208142,"href":"https:\/\/www.aparthotel-pecic.com\/apartmani-gradac\/wp-json\/wp\/v2\/pages\/206150\/revisions\/208142"}],"wp:attachment":[{"href":"https:\/\/www.aparthotel-pecic.com\/apartmani-gradac\/wp-json\/wp\/v2\/media?parent=206150"}],"curies":[{"name":"wp","href":"https:\/\/api.w.org\/{rel}","templated":true}]}}