{"id":206679,"date":"2018-01-27T13:31:04","date_gmt":"2018-01-27T12:31:04","guid":{"rendered":"http:\/\/www.aparthotel-pecic.com\/apartmani-gradac\/usluge-copy-copy\/"},"modified":"2018-02-20T08:51:55","modified_gmt":"2018-02-20T07:51:55","slug":"korisni-linkovi","status":"publish","type":"page","link":"https:\/\/www.aparthotel-pecic.com\/apartmani-gradac\/korisni-linkovi\/","title":{"rendered":"Korisni linkovi"},"content":{"rendered":"<p>[et_pb_section fb_built=\"1\" background_color=\"#f2f2f2\" _builder_version=\"3.0.97\" custom_padding=\"60px|0px|21px|0px\"][et_pb_row custom_padding=\"1px|0px|3px|0px\" _builder_version=\"3.0.47\" background_size=\"initial\" background_position=\"top_left\" background_repeat=\"repeat\"][et_pb_column type=\"4_4\" _builder_version=\"3.0.47\" parallax=\"off\" parallax_method=\"on\"][et_pb_text _builder_version=\"3.0.97\" custom_padding_phone=\"|15px||15px\" custom_padding_last_edited=\"on|phone\"]<\/p>\n<h1 style=\"text-align: center;\">KORISNI LINKOVI<\/h1>\n<p>[\/et_pb_text][\/et_pb_column][\/et_pb_row][\/et_pb_section][et_pb_section fb_built=\"1\" background_color=\"#ffffff\" _builder_version=\"3.0.97\" custom_padding=\"60px|0px|40px|0px\"][et_pb_row custom_padding=\"1px|0px|3px|0px\" _builder_version=\"3.0.47\" background_size=\"initial\" background_position=\"top_left\" background_repeat=\"repeat\"][et_pb_column type=\"4_4\" _builder_version=\"3.0.47\" parallax=\"off\" parallax_method=\"on\"][et_pb_text _builder_version=\"3.0.97\" custom_padding_phone=\"|15px||15px\" custom_padding_last_edited=\"on|phone\"]<\/p>\n<ul>\n<li>\n<h5><a href=\"http:\/\/aparthotel-pecic.com\/nova\/en\/korisni-linkovi\/4-korisni-linkovi\/1-ministarstvo-vanjskih-poslova.html\" target=\"_blank\" rel=\"noopener noreferrer\">Ministarstvo vanjskih poslova<\/a><\/h5>\n<\/li>\n<\/ul>\n<p>Ministarstvo vanjskih poslova i Europskih integracija nudi Vam veliki broj informacija i stoji na usluzi za sve eventualne probleme ili nejasno\u0107e oko dolaska ili boravka u Republici Hrvatskoj.<br \/>\n[\/et_pb_text][\/et_pb_column][\/et_pb_row][\/et_pb_section][et_pb_section fb_built=\"1\" background_color=\"#f2f2f2\" _builder_version=\"3.0.97\" custom_padding=\"40px|0px|33px|0px\"][et_pb_row custom_padding=\"0px|0px|0px|0px\" _builder_version=\"3.0.47\" background_size=\"initial\" background_position=\"top_left\" background_repeat=\"repeat\"][et_pb_column type=\"4_4\" _builder_version=\"3.0.47\" parallax=\"off\" parallax_method=\"on\"][et_pb_text _builder_version=\"3.0.97\" custom_padding_phone=\"|15px||15px\" custom_padding_last_edited=\"on|phone\"]<\/p>\n<ul>\n<li>\n<h5>Zra\u010dna Luka Split (SPU)<\/h5>\n<\/li>\n<\/ul>\n<p>Regionalna zra\u010dna luka<br \/>\n[\/et_pb_text][\/et_pb_column][\/et_pb_row][\/et_pb_section][et_pb_section fb_built=\"1\" background_color=\"#ffffff\" _builder_version=\"3.0.97\" custom_padding=\"60px|0px|40px|0px\"][et_pb_row custom_padding=\"0px|0px|0px|0px\" _builder_version=\"3.0.47\" background_size=\"initial\" background_position=\"top_left\" background_repeat=\"repeat\"][et_pb_column type=\"4_4\" _builder_version=\"3.0.47\" parallax=\"off\" parallax_method=\"on\"][et_pb_text _builder_version=\"3.0.97\" custom_padding_phone=\"|15px||15px\" custom_padding_last_edited=\"on|phone\"]<\/p>\n<ul>\n<li>\n<h5>Jadrolinija<\/h5>\n<\/li>\n<\/ul>\n<p>Jadrolinija je dru\u0161tvo za linijski pomorski prijevoz putnika i tereta sa stoljetnom tradicijom.<br \/>\n[\/et_pb_text][\/et_pb_column][\/et_pb_row][\/et_pb_section][et_pb_section fb_built=\"1\" background_color=\"#f2f2f2\" _builder_version=\"3.0.97\" custom_padding=\"40px|0px|33px|0px\"][et_pb_row custom_padding=\"0px|0px|0px|0px\" _builder_version=\"3.0.47\" background_size=\"initial\" background_position=\"top_left\" background_repeat=\"repeat\"][et_pb_column type=\"4_4\" _builder_version=\"3.0.47\" parallax=\"off\" parallax_method=\"on\"][et_pb_text _builder_version=\"3.0.97\" custom_padding_phone=\"|15px||15px\" custom_padding_last_edited=\"on|phone\"]<\/p>\n<ul>\n<li>\n<h5><a href=\"http:\/\/aparthotel-pecic.com\/nova\/en\/korisni-linkovi\/4-korisni-linkovi\/4-hrvatske-zeljeznice.html\">Hrvatske \u017eeljeznice<\/a><\/h5>\n<\/li>\n<\/ul>\n<p>\u017deljezni\u010dki promet u Republici Hrvatskoj.<br \/>\n[\/et_pb_text][\/et_pb_column][\/et_pb_row][\/et_pb_section][et_pb_section fb_built=\"1\" background_color=\"#ffffff\" _builder_version=\"3.0.97\" custom_padding=\"60px|0px|40px|0px\"][et_pb_row custom_padding=\"0px|0px|0px|0px\" _builder_version=\"3.0.47\" background_size=\"initial\" background_position=\"top_left\" background_repeat=\"repeat\"][et_pb_column type=\"4_4\" _builder_version=\"3.0.47\" parallax=\"off\" parallax_method=\"on\"][et_pb_text _builder_version=\"3.0.97\" custom_padding_phone=\"|15px||15px\" custom_padding_last_edited=\"on|phone\"]<\/p>\n<ul>\n<li>\n<h5><a href=\"http:\/\/aparthotel-pecic.com\/nova\/en\/korisni-linkovi\/4-korisni-linkovi\/5-autobusni-kolodvor-split.html\">Autobusni kolodvor Split<\/a><\/h5>\n<\/li>\n<\/ul>\n<p>Lokalni, me\u0111ugradski i me\u0111unarodni autobusni prijevoz putnika.<br \/>\n[\/et_pb_text][\/et_pb_column][\/et_pb_row][\/et_pb_section][et_pb_section fb_built=\"1\" background_color=\"#f2f2f2\" _builder_version=\"3.0.97\" custom_padding=\"40px|0px|33px|0px\"][et_pb_row custom_padding=\"0px|0px|0px|0px\" _builder_version=\"3.0.47\" background_size=\"initial\" background_position=\"top_left\" background_repeat=\"repeat\"][et_pb_column type=\"4_4\" _builder_version=\"3.0.47\" parallax=\"off\" parallax_method=\"on\"][et_pb_text _builder_version=\"3.0.97\" custom_padding_phone=\"|15px||15px\" custom_padding_last_edited=\"on|phone\"]<\/p>\n<ul>\n<li>\n<h5><a href=\"http:\/\/aparthotel-pecic.com\/nova\/en\/korisni-linkovi\/4-korisni-linkovi\/6-hrvatski-autoklub-hak.html\">Hrvatski autoklub - HAK<\/a><\/h5>\n<\/li>\n<\/ul>\n<p>Hrvatski autoklub (HAK) nacionalna je udruga voza\u010da i vlasnika vozila. Informacije o prometu i stanju na cestama. Pomo\u0107 na cesti.<br \/>\n[\/et_pb_text][\/et_pb_column][\/et_pb_row][\/et_pb_section][et_pb_section fb_built=\"1\" background_color=\"#ffffff\" _builder_version=\"3.0.97\" custom_padding=\"60px|0px|40px|0px\"][et_pb_row custom_padding=\"0px|0px|0px|0px\" _builder_version=\"3.0.47\" background_size=\"initial\" background_position=\"top_left\" background_repeat=\"repeat\"][et_pb_column type=\"4_4\" _builder_version=\"3.0.47\" parallax=\"off\" parallax_method=\"on\"][et_pb_text _builder_version=\"3.0.97\" custom_padding_phone=\"|15px||15px\" custom_padding_last_edited=\"on|phone\"]<\/p>\n<ul>\n<li>\n<h5>\u00a0<a href=\"http:\/\/aparthotel-pecic.com\/nova\/en\/korisni-linkovi\/4-korisni-linkovi\/7-rivijera-gradac.html\">Rivijera Gradac<\/a><\/h5>\n<\/li>\n<\/ul>\n<p>Slu\u017ebene stranice Turisti\u010dke zajednice Op\u0107ine Gradac<br \/>\n[\/et_pb_text][\/et_pb_column][\/et_pb_row][\/et_pb_section]<\/p>\n","protected":false},"excerpt":{"rendered":"<p>[et_pb_section fb_built=\"1\" background_color=\"#f2f2f2\" _builder_version=\"3.0.97\" custom_padding=\"60px|0px|21px|0px\"][et_pb_row custom_padding=\"1px|0px|3px|0px\" _builder_version=\"3.0.47\" background_size=\"initial\" background_position=\"top_left\" background_repeat=\"repeat\"][et_pb_column type=\"4_4\" _builder_version=\"3.0.47\" parallax=\"off\" parallax_method=\"on\"][et_pb_text _builder_version=\"3.0.97\" custom_padding_phone=\"|15px||15px\" custom_padding_last_edited=\"on|phone\"] KORISNI LINKOVI [\/et_pb_text][\/et_pb_column][\/et_pb_row][\/et_pb_section][et_pb_section fb_built=\"1\" background_color=\"#ffffff\" _builder_version=\"3.0.97\" custom_padding=\"60px|0px|40px|0px\"][et_pb_row custom_padding=\"1px|0px|3px|0px\" _builder_version=\"3.0.47\" background_size=\"initial\" background_position=\"top_left\" background_repeat=\"repeat\"][et_pb_column type=\"4_4\" _builder_version=\"3.0.47\" parallax=\"off\" parallax_method=\"on\"][et_pb_text _builder_version=\"3.0.97\" custom_padding_phone=\"|15px||15px\" custom_padding_last_edited=\"on|phone\"] Ministarstvo vanjskih poslova Ministarstvo vanjskih poslova i Europskih integracija nudi Vam veliki broj informacija i stoji na usluzi za [&hellip;]<\/p>\n","protected":false},"author":1,"featured_media":0,"parent":0,"menu_order":0,"comment_status":"closed","ping_status":"closed","template":"","meta":{"footnotes":""},"class_list":["post-206679","page","type-page","status-publish","hentry"],"_links":{"self":[{"href":"https:\/\/www.aparthotel-pecic.com\/apartmani-gradac\/wp-json\/wp\/v2\/pages\/206679","targetHints":{"allow":["GET"]}}],"collection":[{"href":"https:\/\/www.aparthotel-pecic.com\/apartmani-gradac\/wp-json\/wp\/v2\/pages"}],"about":[{"href":"https:\/\/www.aparthotel-pecic.com\/apartmani-gradac\/wp-json\/wp\/v2\/types\/page"}],"author":[{"embeddable":true,"href":"https:\/\/www.aparthotel-pecic.com\/apartmani-gradac\/wp-json\/wp\/v2\/users\/1"}],"replies":[{"embeddable":true,"href":"https:\/\/www.aparthotel-pecic.com\/apartmani-gradac\/wp-json\/wp\/v2\/comments?post=206679"}],"version-history":[{"count":33,"href":"https:\/\/www.aparthotel-pecic.com\/apartmani-gradac\/wp-json\/wp\/v2\/pages\/206679\/revisions"}],"predecessor-version":[{"id":207192,"href":"https:\/\/www.aparthotel-pecic.com\/apartmani-gradac\/wp-json\/wp\/v2\/pages\/206679\/revisions\/207192"}],"wp:attachment":[{"href":"https:\/\/www.aparthotel-pecic.com\/apartmani-gradac\/wp-json\/wp\/v2\/media?parent=206679"}],"curies":[{"name":"wp","href":"https:\/\/api.w.org\/{rel}","templated":true}]}}