{"id":206737,"date":"2018-01-27T14:32:07","date_gmt":"2018-01-27T13:32:07","guid":{"rendered":"http:\/\/www.aparthotel-pecic.com\/apartmani-gradac\/usluge-copy-copy-2\/"},"modified":"2018-02-20T08:59:03","modified_gmt":"2018-02-20T07:59:03","slug":"opce-informacije","status":"publish","type":"page","link":"https:\/\/www.aparthotel-pecic.com\/apartmani-gradac\/opce-informacije\/","title":{"rendered":"Op\u0107e informacije"},"content":{"rendered":"<p>[et_pb_section fb_built=\"1\" background_color=\"#ffffff\" _builder_version=\"3.0.97\" custom_padding=\"55px|0px|22px|0px\"][et_pb_row _builder_version=\"3.0.47\" background_size=\"initial\" background_position=\"top_left\" background_repeat=\"repeat\" custom_padding=\"7px|0px|25.1667px|0px\"][et_pb_column type=\"4_4\" _builder_version=\"3.0.47\" parallax=\"off\" parallax_method=\"on\"][et_pb_text _builder_version=\"3.0.101\" custom_padding_phone=\"|15px||15px\" custom_padding_last_edited=\"on|phone\"]<\/p>\n<h1 style=\"text-align: center;\">Op\u0107e informacije<\/h1>\n<p>[\/et_pb_text][\/et_pb_column][\/et_pb_row][\/et_pb_section][et_pb_section fb_built=\"1\" background_color=\"#f2f2f2\" _builder_version=\"3.0.97\"][et_pb_row _builder_version=\"3.0.47\" background_size=\"initial\" background_position=\"top_left\" background_repeat=\"repeat\"][et_pb_column type=\"4_4\" _builder_version=\"3.0.47\" parallax=\"off\" parallax_method=\"on\"][et_pb_image src=\"https:\/\/www.aparthotel-pecic.com\/apartmani-gradac\/wp-content\/uploads\/hrvatska_zastava.jpg\" show_in_lightbox=\"on\" use_overlay=\"on\" overlay_icon_color=\"rgba(255,255,255,0.2)\" hover_overlay_color=\"rgba(12,113,195,0.2)\" hover_icon=\"%%200%%\" align=\"center\" _builder_version=\"3.0.97\" custom_padding=\"|5px||\" box_shadow_style=\"preset7\" box_shadow_color=\"rgba(255,255,255,0.3)\"]\u00a0<br \/>\n[\/et_pb_image][\/et_pb_column][\/et_pb_row][\/et_pb_section][et_pb_section fb_built=\"1\" background_color=\"#ffffff\" _builder_version=\"3.0.97\" custom_padding=\"33px|0px|36px|0px\"][et_pb_row _builder_version=\"3.0.47\" background_size=\"initial\" background_position=\"top_left\" background_repeat=\"repeat\"][et_pb_column type=\"4_4\" _builder_version=\"3.0.47\" parallax=\"off\" parallax_method=\"on\"][et_pb_text _builder_version=\"3.0.97\" custom_padding_phone=\"|15px||15px\" custom_padding_last_edited=\"on|phone\"]<\/p>\n<h3>Medicinska slu\u017eba<\/h3>\n<p>&nbsp;<\/p>\n<p>Bolnice i klinike postoje u svim su ve\u0107im gradovima, a ambulante i ljekarne i u manjim mjestima.<\/p>\n<p>Strani turisti koji su obavezno osigurani u svojoj zemlji, za vrijeme privatnog boravka u RH ne pla\u0107aju kori\u0161tenje hitne zdravstvene za\u0161tite ako Hrvatska i dr\u017eava iz koje dolaze imaju sklopljen ugovor o socijalnom osiguranju, tj. ako imaju ugovorom predvi\u0111ene potvrde o pravu na kori\u0161tenje zdravstvene za\u0161tite.<\/p>\n<p>Zdravstvena za\u0161tita (uklju\u010duju\u0107i i prijevoz) koristi se za hitne slu\u010dajeve na na\u010din i po propisima koji vrijede za hrvatske osiguranike, pri \u010demu se na isti na\u010din sudjeluje i u tro\u0161kovima zdravstvene za\u0161tite (participacija).<\/p>\n<p>Osobe koje dolaze iz dr\u017eava s kojima nije sklopljen ugovor sve tro\u0161kove zdravstvene za\u0161tite snose osobno.<br \/>\n[\/et_pb_text][\/et_pb_column][\/et_pb_row][\/et_pb_section][et_pb_section fb_built=\"1\" background_color=\"#f2f2f2\" _builder_version=\"3.0.97\" custom_padding=\"35px|0px|30px|0px\"][et_pb_row _builder_version=\"3.0.47\" background_size=\"initial\" background_position=\"top_left\" background_repeat=\"repeat\"][et_pb_column type=\"4_4\" _builder_version=\"3.0.47\" parallax=\"off\" parallax_method=\"on\"][et_pb_text _builder_version=\"3.0.97\" custom_padding_phone=\"|15px||15px\" custom_padding_last_edited=\"on|phone\"]<\/p>\n<h3>Veterinarska slu\u017eba:<\/h3>\n<p>&nbsp;<\/p>\n<p>Hrvatska je pokrivena mre\u017eom veterinarskih klinika i ambulanti<br \/>\n[\/et_pb_text][\/et_pb_column][\/et_pb_row][\/et_pb_section][et_pb_section fb_built=\"1\" background_color=\"#ffffff\" _builder_version=\"3.0.97\" custom_padding=\"33px|0px|36px|0px\"][et_pb_row _builder_version=\"3.0.47\" background_size=\"initial\" background_position=\"top_left\" background_repeat=\"repeat\"][et_pb_column type=\"4_4\" _builder_version=\"3.0.47\" parallax=\"off\" parallax_method=\"on\"][et_pb_text _builder_version=\"3.0.97\" custom_padding_phone=\"|15px||15px\" custom_padding_last_edited=\"on|phone\"]<\/p>\n<h3>Blagdani i neradni dani:<\/h3>\n<p>&nbsp;<\/p>\n<ul>\n<li>01. sije\u010dnja - Nova godina<\/li>\n<li>06. sije\u010dnja - Sv. tri kralja<\/li>\n<li>Uskrs i Uskrsni ponedjeljak<\/li>\n<li>01. svibnja - Praznik rada<\/li>\n<li>22. lipnja - Dan antifa\u0161isti\u010dke borbe<\/li>\n<li>25. lipnja - Dan dr\u017eavnosti<\/li>\n<li>05. kolovoza - Dan pobjede i domovinske zahvalnosti<\/li>\n<li>15. kolovoza - Velika Gospa<\/li>\n<li>08. listopada - Dan neovisnosti<\/li>\n<li>01. studenoga - Svi sveti<\/li>\n<li>25. i 26. prosinca - bo\u017ei\u0107ni blagdani<\/li>\n<\/ul>\n<p>[\/et_pb_text][\/et_pb_column][\/et_pb_row][\/et_pb_section][et_pb_section fb_built=\"1\" background_color=\"#f2f2f2\" _builder_version=\"3.0.97\" custom_padding=\"35px|0px|30px|0px\"][et_pb_row _builder_version=\"3.0.47\" background_size=\"initial\" background_position=\"top_left\" background_repeat=\"repeat\"][et_pb_column type=\"4_4\" _builder_version=\"3.0.47\" parallax=\"off\" parallax_method=\"on\"][et_pb_text _builder_version=\"3.0.97\" custom_padding_phone=\"|15px||15px\" custom_padding_last_edited=\"on|phone\"]<\/p>\n<h3>Radno vrijeme trgovina i javnih slu\u017ebi:<\/h3>\n<p>&nbsp;<\/p>\n<p>Ve\u0107ina trgovina radnim je danom otvorena od 8 do 20 sati, subotom i nedjeljom do 14 sati; u sezoni i dulje.<br \/>\nJavne slu\u017ebe i poslovni uredi uglavnom rade od 8 do 16 sati od ponedjeljka do petka.<br \/>\n[\/et_pb_text][\/et_pb_column][\/et_pb_row][\/et_pb_section][et_pb_section fb_built=\"1\" background_color=\"#ffffff\" _builder_version=\"3.0.97\" custom_padding=\"33px|0px|36px|0px\"][et_pb_row _builder_version=\"3.0.47\" background_size=\"initial\" background_position=\"top_left\" background_repeat=\"repeat\"][et_pb_column type=\"4_4\" _builder_version=\"3.0.47\" parallax=\"off\" parallax_method=\"on\"][et_pb_text _builder_version=\"3.0.97\" custom_padding_phone=\"|15px||15px\" custom_padding_last_edited=\"on|phone\"]<\/p>\n<h3>Po\u0161ta i telekomunikacije:<\/h3>\n<p>&nbsp;<\/p>\n<p>Po\u0161tanski su uredi radnim danom otvoreni od 7 do 19 sati; u manjim mjestima od 7 do 14 sati, a neki rade i dvokratno. U ve\u0107im gradovima i turisti\u010dkim mjestima de\u017eurne po\u0161te otvorene su subotom i nedjeljom. Na svim javnim telefonima koriste se telefonske kartice koje se prodaju u po\u0161tama i novinskim kioscima. S bilo kojega telefona mo\u017ee se izravno zvati inozemstvo. www.posta.hr<br \/>\n[\/et_pb_text][\/et_pb_column][\/et_pb_row][\/et_pb_section][et_pb_section fb_built=\"1\" background_color=\"#f2f2f2\" _builder_version=\"3.0.97\" custom_padding=\"35px|0px|30px|0px\"][et_pb_row _builder_version=\"3.0.47\" background_size=\"initial\" background_position=\"top_left\" background_repeat=\"repeat\"][et_pb_column type=\"4_4\" _builder_version=\"3.0.47\" parallax=\"off\" parallax_method=\"on\"][et_pb_text _builder_version=\"3.0.97\" custom_padding_phone=\"|15px||15px\" custom_padding_last_edited=\"on|phone\"]<\/p>\n<h3>Elektri\u010dni napon gradske mre\u017ee<\/h3>\n<p>&nbsp;<\/p>\n<p>220 V; frekvencija: 50 Hz<br \/>\n[\/et_pb_text][\/et_pb_column][\/et_pb_row][\/et_pb_section][et_pb_section fb_built=\"1\" background_color=\"#ffffff\" _builder_version=\"3.0.97\" custom_padding=\"33px|0px|36px|0px\"][et_pb_row _builder_version=\"3.0.47\" background_size=\"initial\" background_position=\"top_left\" background_repeat=\"repeat\"][et_pb_column type=\"4_4\" _builder_version=\"3.0.47\" parallax=\"off\" parallax_method=\"on\"][et_pb_text _builder_version=\"3.0.97\" custom_padding_phone=\"|15px||15px\" custom_padding_last_edited=\"on|phone\"]<\/p>\n<h3>Za\u0161tita okoli\u0161a:<\/h3>\n<p>&nbsp;<\/p>\n<p>Za\u0161tita biolo\u0161ke raznolikosti u skladu je s va\u017ee\u0107im propisima EU-a. More za kupanje na hrvatskom Jadranu vrlo je visoke kakvo\u0107e i prema kriterijima EU-a. U slu\u010daju izvanrednog one\u010di\u0161\u0107enja okoli\u0161a na kopnu obavijestite Centar 112. Za dodatne informacije o okoli\u0161u kontaktirajte Ministarstvo za\u0161tite okoli\u0161a, prostornog ure\u0111enja i graditeljstva, Upravu za za\u0161titu okoli\u0161a na telefon +385 1 3782-111 ili preko Internet stranice www.mzopu.hr<br \/>\n[\/et_pb_text][\/et_pb_column][\/et_pb_row][\/et_pb_section][et_pb_section fb_built=\"1\" background_color=\"#f2f2f2\" _builder_version=\"3.0.97\" custom_padding=\"35px|0px|30px|0px\"][et_pb_row _builder_version=\"3.0.47\" background_size=\"initial\" background_position=\"top_left\" background_repeat=\"repeat\"][et_pb_column type=\"4_4\" _builder_version=\"3.0.47\" parallax=\"off\" parallax_method=\"on\"][et_pb_text _builder_version=\"3.0.97\" custom_padding_phone=\"|15px||15px\" custom_padding_last_edited=\"on|phone\"]<\/p>\n<h3>U slu\u010daju nesre\u0107e zatra\u017eite pomo\u0107 na broju 112!<\/h3>\n<p>&nbsp;<\/p>\n<p>Taj broj mogu\u0107e je pozvati u bilo koje doba dana i no\u0107i, neovisno o tome gdje se nalazite u Republici Hrvatskoj.<br \/> Telefonski se poziv ne napla\u0107uje.<br \/> Poziv je mogu\u0107e ostvariti putem svih operatora i svim telefonskim ure\u0111ajima odabirom broja 112.<\/p>\n<p>&nbsp;<\/p>\n<h5>U slu\u010daju nesre\u0107e Centar 112 omogu\u0107it \u0107e vam razgovor i na jednom od stranih jezika:<\/h5>\n<ul>\n<li>engleskom<\/li>\n<li>njema\u010dkom<\/li>\n<li>talijanskom<\/li>\n<li>francuski<\/li>\n<li>ma\u0111arskom<\/li>\n<li>slova\u010dkom<\/li>\n<\/ul>\n<h5><\/h5>\n<h5>Broj\u00a0<strong>112<\/strong>\u00a0nazovite ako vam je potrebna:<\/h5>\n<ul>\n<li>hitna medicinska pomo\u0107<\/li>\n<li>pomo\u0107 vatrogasaca<\/li>\n<li>pomo\u0107 policije<\/li>\n<li>pomo\u0107 gorske slu\u017ebe spa\u0161avanja<\/li>\n<li>hitna veterinarska pomo\u0107<\/li>\n<li>pomo\u0107 drugih hitnih slu\u017ebi i operativnih snaga za\u0161tite i spa\u0161avanja.<\/li>\n<\/ul>\n<h5><\/h5>\n<h5><\/h5>\n<h5>Ako primijetite: po\u017ear, istjecanje opasnih tvari, one\u010di\u0161\u0107enje pitke vode, potoka, rijeka ili mora, druge pojave koje predstavljaju opasnost za \u017eivot ili zdravlje ljudi ili \u017eivotinja, kulturnih dobara i okoli\u0161a...<\/h5>\n<h4><\/h4>\n<h4><\/h4>\n<h4>Kada zovete 112, recite:<\/h4>\n<ul>\n<li>\u0161to se dogodilo<\/li>\n<li>gdje se dogodilo<\/li>\n<li>kada se dogodilo<\/li>\n<li>ima li ozlije\u0111enih<\/li>\n<li>kakve su ozljede<\/li>\n<li>kakvu pomo\u0107 trebate<\/li>\n<li>tko zove<\/li>\n<\/ul>\n<p>[\/et_pb_text][\/et_pb_column][\/et_pb_row][\/et_pb_section][et_pb_section fb_built=\"1\" background_color=\"#ffffff\" _builder_version=\"3.0.97\" custom_padding=\"33px|0px|36px|0px\"][et_pb_row _builder_version=\"3.0.47\" background_size=\"initial\" background_position=\"top_left\" background_repeat=\"repeat\"][et_pb_column type=\"4_4\" _builder_version=\"3.0.47\" parallax=\"off\" parallax_method=\"on\"][et_pb_text _builder_version=\"3.0.97\" custom_padding_phone=\"|15px||15px\" custom_padding_last_edited=\"on|phone\"]<\/p>\n<h3>Za\u0161tita okoli\u0161a:<\/h3>\n<p>\u00a0<\/p>\n<p>Provjerite jeste li poduzeli sve da sprije\u010dite po\u017ear!<br \/> Ne bacajte zapaljene ili zapaljive predmete u okoli\u0161!<br \/> Po\u0161tujte znakove zabrane lo\u017eenja vatre!<br \/> Pazite da va\u0161e parkirano vozilo ne zatvara vatrogasne pristupe i prilaze<\/p>\n<p>[\/et_pb_text][\/et_pb_column][\/et_pb_row][\/et_pb_section][et_pb_section fb_built=\"1\" background_color=\"#f2f2f2\" _builder_version=\"3.0.97\" custom_padding=\"35px|0px|30px|0px\"][et_pb_row _builder_version=\"3.0.47\" background_size=\"initial\" background_position=\"top_left\" background_repeat=\"repeat\"][et_pb_column type=\"4_4\" _builder_version=\"3.0.47\" parallax=\"off\" parallax_method=\"on\"][et_pb_text _builder_version=\"3.0.97\" custom_padding_phone=\"|15px||15px\" custom_padding_last_edited=\"on|phone\"]<\/p>\n<h3>\u0160to u\u010diniti u slu\u010daju po\u017eara?<\/h3>\n<p>\u00a0<\/p>\n<ul>\n<li>Po\u017ear odmah dojavite vatrogascima na telefonski broj 93 ili pozovite pomo\u0107 na 112!<\/li>\n<li>Upotrijebite ru\u010dni aparat (ako je dostupan) za po\u010detno ga\u0161enje po\u017eara i gasite po\u017ear samo ako ne ugro\u017eavate sebe i druge.<\/li>\n<li>Obavijestite osobe iz okoline o pojavi po\u017eara.<\/li>\n<li>Evakuirajte ljude na siguran na\u010din.<\/li>\n<li>Ne ulazite u stubi\u0161te ako je ispunjeno dimom i ne koristite se dizalom.<\/li>\n<li>Ako zbog zadimljenosti ne mo\u017eete iza\u0107i iz zgrade, zatvorite sve prozore i vrata kako biste sprije\u010dili ulazak dima u va\u0161e prostore.<\/li>\n<li>Ako ste zato\u010deni u stanu, \u010dekajte vatrogasce na prozoru kako bi vas vidjeli jer su vatrogasna vozila namijenjena i za spa\u0161avanje s visina. SLIJEDITE UPUTE VATROGASACA.<\/li>\n<\/ul>\n<p>[\/et_pb_text][\/et_pb_column][\/et_pb_row][\/et_pb_section][et_pb_section fb_built=\"1\" background_color=\"#ffffff\" _builder_version=\"3.0.97\" custom_padding=\"33px|0px|36px|0px\"][et_pb_row _builder_version=\"3.0.47\" background_size=\"initial\" background_position=\"top_left\" background_repeat=\"repeat\"][et_pb_column type=\"4_4\" _builder_version=\"3.0.47\" parallax=\"off\" parallax_method=\"on\"][et_pb_text _builder_version=\"3.0.97\" custom_padding_phone=\"|15px||15px\" custom_padding_last_edited=\"on|phone\"]<\/p>\n<h3>Traganje i spa\u0161avanje:<\/h3>\n<p>\u00a0<\/p>\n<p>U slu\u010daju nesre\u0107a na kopnu ili moru nazovite 112 (jedinstveni broj za sve hitne situacije), a u slu\u010daju nesre\u0107e na moru nazovite 9155 (Nacionalnu sredi\u0161njicu za traganje i spa\u0161avanje na moru) ili 112.<\/p>\n<p>[\/et_pb_text][\/et_pb_column][\/et_pb_row][\/et_pb_section][et_pb_section fb_built=\"1\" background_color=\"#f2f2f2\" _builder_version=\"3.0.97\" custom_padding=\"35px|0px|30px|0px\"][et_pb_row _builder_version=\"3.0.47\" background_size=\"initial\" background_position=\"top_left\" background_repeat=\"repeat\"][et_pb_column type=\"4_4\" _builder_version=\"3.0.47\" parallax=\"off\" parallax_method=\"on\"][et_pb_text _builder_version=\"3.0.97\" custom_padding_phone=\"|15px||15px\" custom_padding_last_edited=\"on|phone\"]<\/p>\n<h3>Aktivnosti na otvorenom:<\/h3>\n<p>\u00a0<\/p>\n<ul>\n<li>obavijestite rodbinu ili prijatelje o ruti ili planu svojeg putovanja<\/li>\n<li>hodajte po ozna\u010denim stazama i putovima<\/li>\n<li>osigurajte dostatne koli\u010dine vode<\/li>\n<li>pripremite odgovaraju\u0107u odje\u0107u i obu\u0107u<\/li>\n<li>pripremite pokretni telefonski ure\u0111aj (mobitel)<\/li>\n<li>pratite obavijesti o vremenskoj prognozi<\/li>\n<li>ne palite vatru<\/li>\n<li>ne bacajte opu\u0161ke i zapaljive predmete u prirodu.<\/li>\n<\/ul>\n<p>[\/et_pb_text][\/et_pb_column][\/et_pb_row][\/et_pb_section][et_pb_section fb_built=\"1\" background_color=\"#ffffff\" _builder_version=\"3.0.97\" custom_padding=\"33px|0px|36px|0px\"][et_pb_row _builder_version=\"3.0.47\" background_size=\"initial\" background_position=\"top_left\" background_repeat=\"repeat\"][et_pb_column type=\"4_4\" _builder_version=\"3.0.47\" parallax=\"off\" parallax_method=\"on\"][et_pb_text _builder_version=\"3.0.97\" custom_padding_phone=\"|15px||15px\" custom_padding_last_edited=\"on|phone\"]<\/p>\n<h3>Na cesti:<\/h3>\n<p><strong><\/strong><\/p>\n<ul>\n<li>tijekom turisti\u010dke sezone izbjegavajte prometne gu\u017eve (vo\u017enju vikendima i praznicima)<\/li>\n<li>vozite odmorni<\/li>\n<li>prilagodite brzinu uvjetima na cesti i ograni\u010denjima brzine<\/li>\n<li>u slu\u010daju gu\u017eve, budite strpljivi (imajte dostatne koli\u010dine vode)<\/li>\n<\/ul>\n<p>[\/et_pb_text][\/et_pb_column][\/et_pb_row][\/et_pb_section][et_pb_section fb_built=\"1\" background_color=\"#f2f2f2\" _builder_version=\"3.0.97\" custom_padding=\"35px|0px|30px|0px\"][et_pb_row _builder_version=\"3.0.47\" background_size=\"initial\" background_position=\"top_left\" background_repeat=\"repeat\"][et_pb_column type=\"4_4\" _builder_version=\"3.0.47\" parallax=\"off\" parallax_method=\"on\"][et_pb_text _builder_version=\"3.0.97\" custom_padding_phone=\"|15px||15px\" custom_padding_last_edited=\"on|phone\"]<\/p>\n<h3>Na moru:<\/h3>\n<p>&nbsp;<\/p>\n<ul>\n<li>ne izla\u017eite se opasnostima prilikom plivanja i ronjenja<\/li>\n<li>izla\u017eite se suncu umjereno upotrebljavajte za\u0161titna sredstva<\/li>\n<li>ne precjenjujte vlastite sposobnosti<\/li>\n<li>pratite obavijesti o vremenskoj prognozi.<\/li>\n<\/ul>\n<p>[\/et_pb_text][\/et_pb_column][\/et_pb_row][\/et_pb_section][et_pb_section fb_built=\"1\" background_color=\"#ffffff\" _builder_version=\"3.0.97\" custom_padding=\"33px|0px|36px|0px\"][et_pb_row _builder_version=\"3.0.47\" background_size=\"initial\" background_position=\"top_left\" background_repeat=\"repeat\"][et_pb_column type=\"4_4\" _builder_version=\"3.0.47\" parallax=\"off\" parallax_method=\"on\"][et_pb_text _builder_version=\"3.0.97\" custom_padding_phone=\"|15px||15px\" custom_padding_last_edited=\"on|phone\"]<\/p>\n<h3>Radijske vijesti na stranim jezicima u turisti\u010dkoj sezoni:<\/h3>\n<p>\u00a0<\/p>\n<div class=\"maincontent\">\n<div id=\"page\">\n<div class=\"content\">\n<p>Hrvatski radio na nekoliko programa emitira emisije na stranim jezicima namijenjene turistima u Hrvatskoj. Na Prvom programu Hrvatskog radija svaki dan u 20.05 emitira se emisija na engleskom jeziku u trajanju do 10 minuta.<\/p>\n<p>U vrijeme ljetne sezone na Drugom programu Hrvatskog radija (98,5 Mhz sjeverozapadna Hrvatska i dubrova\u010dko primorje; 105,3 Mhz Istra; 96,1 Split; 98,9 makarsko primorje; 93,3 Gorski kotar) uz redovite vijesti na hrvatskom jeziku bit \u0107e i svaki puni sat od 8.00 do 21.00 vijesti na engleskom, njema\u010dkom, talijanskom i \u010de\u0161kom jeziku, a HAK \u0107e izvje\u0161tavati o stanju na cestama na engleskom i njema\u010dkom jeziku.<\/p>\n<p>U istom razdoblju ljeti svaki puni sat emitiraju se vijesti i izvje\u0161\u0107a o stanju na cestama izravno iz studija Tre\u0107eg programa Austrijskog radija, RAI-a Uno, britanskog VIRGIN radija, Radio Praga i me\u0111unarodnog programa Hrvatskog radija \u2013 Glas Hrvatske. \u010ce\u0161ke turiste ljeti novinari Radio Praga jedanput na dan informiraju putem regionalnih postaja: Radio Splita, Radio Dubrovnika i Radio Rijeke.<\/p>\n<\/div>\n<\/div>\n<\/div>\n<p>[\/et_pb_text][\/et_pb_column][\/et_pb_row][\/et_pb_section]<\/p>\n","protected":false},"excerpt":{"rendered":"<p>[et_pb_section fb_built=\"1\" background_color=\"#ffffff\" _builder_version=\"3.0.97\" custom_padding=\"55px|0px|22px|0px\"][et_pb_row _builder_version=\"3.0.47\" background_size=\"initial\" background_position=\"top_left\" background_repeat=\"repeat\" custom_padding=\"7px|0px|25.1667px|0px\"][et_pb_column type=\"4_4\" _builder_version=\"3.0.47\" parallax=\"off\" parallax_method=\"on\"][et_pb_text _builder_version=\"3.0.101\" custom_padding_phone=\"|15px||15px\" custom_padding_last_edited=\"on|phone\"] Op\u0107e informacije [\/et_pb_text][\/et_pb_column][\/et_pb_row][\/et_pb_section][et_pb_section fb_built=\"1\" background_color=\"#f2f2f2\" _builder_version=\"3.0.97\"][et_pb_row _builder_version=\"3.0.47\" background_size=\"initial\" background_position=\"top_left\" background_repeat=\"repeat\"][et_pb_column type=\"4_4\" _builder_version=\"3.0.47\" parallax=\"off\" parallax_method=\"on\"][et_pb_image src=\"https:\/\/www.aparthotel-pecic.com\/apartmani-gradac\/wp-content\/uploads\/hrvatska_zastava.jpg\" show_in_lightbox=\"on\" use_overlay=\"on\" overlay_icon_color=\"rgba(255,255,255,0.2)\" hover_overlay_color=\"rgba(12,113,195,0.2)\" hover_icon=\"%%200%%\" align=\"center\" _builder_version=\"3.0.97\" custom_padding=\"|5px||\" box_shadow_style=\"preset7\" box_shadow_color=\"rgba(255,255,255,0.3)\"]\u00a0 [\/et_pb_image][\/et_pb_column][\/et_pb_row][\/et_pb_section][et_pb_section fb_built=\"1\" background_color=\"#ffffff\" _builder_version=\"3.0.97\" custom_padding=\"33px|0px|36px|0px\"][et_pb_row _builder_version=\"3.0.47\" background_size=\"initial\" background_position=\"top_left\" background_repeat=\"repeat\"][et_pb_column type=\"4_4\" _builder_version=\"3.0.47\" parallax=\"off\" parallax_method=\"on\"][et_pb_text [&hellip;]<\/p>\n","protected":false},"author":1,"featured_media":0,"parent":0,"menu_order":0,"comment_status":"closed","ping_status":"closed","template":"","meta":{"footnotes":""},"class_list":["post-206737","page","type-page","status-publish","hentry"],"_links":{"self":[{"href":"https:\/\/www.aparthotel-pecic.com\/apartmani-gradac\/wp-json\/wp\/v2\/pages\/206737","targetHints":{"allow":["GET"]}}],"collection":[{"href":"https:\/\/www.aparthotel-pecic.com\/apartmani-gradac\/wp-json\/wp\/v2\/pages"}],"about":[{"href":"https:\/\/www.aparthotel-pecic.com\/apartmani-gradac\/wp-json\/wp\/v2\/types\/page"}],"author":[{"embeddable":true,"href":"https:\/\/www.aparthotel-pecic.com\/apartmani-gradac\/wp-json\/wp\/v2\/users\/1"}],"replies":[{"embeddable":true,"href":"https:\/\/www.aparthotel-pecic.com\/apartmani-gradac\/wp-json\/wp\/v2\/comments?post=206737"}],"version-history":[{"count":35,"href":"https:\/\/www.aparthotel-pecic.com\/apartmani-gradac\/wp-json\/wp\/v2\/pages\/206737\/revisions"}],"predecessor-version":[{"id":207201,"href":"https:\/\/www.aparthotel-pecic.com\/apartmani-gradac\/wp-json\/wp\/v2\/pages\/206737\/revisions\/207201"}],"wp:attachment":[{"href":"https:\/\/www.aparthotel-pecic.com\/apartmani-gradac\/wp-json\/wp\/v2\/media?parent=206737"}],"curies":[{"name":"wp","href":"https:\/\/api.w.org\/{rel}","templated":true}]}}