{"id":207170,"date":"2018-02-10T08:42:15","date_gmt":"2018-02-10T07:42:15","guid":{"rendered":"http:\/\/www.aparthotel-pecic.com\/apartmani-gradac\/?page_id=207170"},"modified":"2018-05-25T12:04:35","modified_gmt":"2018-05-25T10:04:35","slug":"privacy","status":"publish","type":"page","link":"https:\/\/www.aparthotel-pecic.com\/apartmani-gradac\/privacy\/","title":{"rendered":"Privacy"},"content":{"rendered":"<p>[et_pb_section fb_built=\"1\" _builder_version=\"3.0.47\"][et_pb_row _builder_version=\"3.0.101\" background_size=\"initial\" background_position=\"top_left\" background_repeat=\"repeat\"][et_pb_column type=\"4_4\" _builder_version=\"3.0.47\" parallax=\"off\" parallax_method=\"on\"][et_pb_text _builder_version=\"3.0.101\" background_size=\"initial\" background_position=\"top_left\" background_repeat=\"repeat\"]<\/p>\n<p style=\"text-align: center;\"><span style=\"font-size: 18px;\"><strong>Informacije o obradi osobnih podataka \/ Z<span>a\u0161tita<\/span>\u00a0privatnosti \/\u00a0Politika za\u0161tite osobnih podataka<\/strong><\/span><\/p>\n<p>Donje informacije imaju za cilj da Vam pru\u017ee pregled na koji na\u010din obra\u0111ujemo Va\u0161e osobne podatke kao i da Vas upoznaju s Va\u0161im pravima u vezi s obradom osobnih podataka. Informacije se odnose na klijente, potencijalne klijente kao i ostale fizi\u010dke osobe \u010dije osobne podatke Apartmani Peci\u0107 prikuplja.<\/p>\n<p><strong>Tko je voditelj obrade osobnih podataka?<\/strong><\/p>\n<p>Apartmani Peci\u0107, sa sjedi\u0161tem na adresi Magistrala 3, 21330 Gradac, Republika Hrvatska.<br \/> Porezni broj od fime:OIB:61072677352 (dalje u tekstu: Apartmani Peci\u0107).<\/p>\n<p>Kontakt<br \/>Telefon: +385 (0)21 697 547<br \/>Fax: +385 (0)21 697 207<br \/>Mobile: +385 (0)98 292 616<\/p>\n<p>Email: info@aparthotel-pecic.com<\/p>\n<p><strong style=\"font-size: 18px;\">Politika privatnosti<\/strong><\/p>\n<p>Apartmani Peci\u0107 obvezuje se na za\u0161titu va\u0161ih osobnih podatka. S time vas upoznaje tekst u nastavku. Molimo vas da politiku za\u0161tite osobnih podataka povremeno provjerite s obzirom na mogu\u0107e izmjene.<\/p>\n<p><strong>Na\u010dela privatnosti<\/strong><\/p>\n<p>Povrh po\u0161tivanja ovih zakonskih propisa Apartmani Peci\u0107 primjenjuje i dodatna pravila i procedure koje su utemeljene na propisima o za\u0161titi osobnih podataka Europske unije (Op\u0107a uredba o za\u0161titi podataka (EU) 2016\/679 i Direktiva o obradi osobnih podataka i za\u0161titi privatnosti na podru\u010dju elektroni\u010dkih komunikacija (2002\/58\/EC).<\/p>\n<p><strong>Povjerenje<\/strong><br \/>Va\u0161e povjerenje je na\u010delo koje nas vodi kontinuirano poduzimanju mjera za pobolj\u0161anje za\u0161tite va\u0161ih osobnih podataka i privatnosti.<\/p>\n<p><strong>Transparentnost<\/strong><br \/>Nastojimo biti potpuno otvoreni i jasni po pitanju obrade va\u0161ih osobnih podataka i za\u0161tite privatnosti.<\/p>\n<p><strong>Za\u0161tita osobnih podataka \u2013 op\u0107enito<\/strong><\/p>\n<p>Osobne podatke ponajprije prikupljamo radi:<br \/> \u2022 \u0161to u\u010dinkovitijeg odgovora na va\u0161 upit<br \/> \u2022 osiguranja pru\u017eanja tra\u017eene usluge<br \/> \u2022 promocije na\u0161ih usluga<br \/> \u2022 na\u0161e interne statisti\u010dke obrade podataka<br \/> \u2022 mogu\u0107nosti slanja publikacija, bro\u0161ura i drugih promid\u017ebenih materijala<\/p>\n<p>Podaci pokriveni sustavom Politike za\u0161tite osobnih podataka (Politike privatnosti):<br \/> \u2022 ime i prezime<br \/> \u2022 e-adresa<br \/> \u2022 broj telefona i\/ili faksa<br \/> \u2022 ostali podaci koje nam napomenete vezani za va\u0161 boravak<\/p>\n<p><strong>Vrijeme trajanja Politike privatnosti<\/strong><\/p>\n<p>U trenutku dostavljanja va\u0161ih podataka vi pristajete da kontaktiramo s vama. Za\u0161tita je privatnosti va\u0161ih podataka trajna, a u svakom trenutku mo\u017eete tra\u017eiti brisanje va\u0161ih osobnih podataka.<\/p>\n<p><strong>Sadr\u017eaj Politike privatnosti<\/strong><\/p>\n<p>Va\u0161u e-adresu i ostale podatke ne prodajemo, ne iznajmljujemo i ne stavljamo tre\u0107im pravnim i fizi\u010dkim osobama na raspolaganje bez va\u0161eg pristanka jer je to protivno<br \/> na\u0161oj politici o privatnosti. Apartmani Peci\u0107 dr\u017ei se stroge politike \u201cno spam\u201d. Tra\u017eimo va\u0161e posebno dopu\u0161tenje ako \u017eelite da kontaktiramo s vama glede specijalnih ponuda i<br \/> akcija. Apartmani Peci\u0107 ne odgovara za slu\u010dajnu pogre\u0161ku ili pogre\u0161ku zbog vi\u0161e sile ili\u00a0drugih objektivnih okolnosti kojima se uzrokuje slu\u010dajno kr\u0161enje zajam\u010dene za\u0161tite<br \/> va\u0161ih podataka, ali jam\u010di da \u0107e pogre\u0161ka biti otklonjena, ako je to mogu\u0107e, \u010dim prije.<\/p>\n<p>Prikupljamo samo one osobne podatke koji su nam dobrovoljno dostavljeni. Ne zahtijevamo od vas da nam po\u0161aljete te podatke kako bismo vam omogu\u0107ili pristup<br \/> na svoje stranice i ne tra\u017eimo da otkrijete vi\u0161e podataka no \u0161to je doista potrebno za sudjelovanje u nekoj aktivnosti na na\u0161im stranicama. Ne prodajemo, ne<br \/> prenosimo i ne otkrivamo podatke koje prikupimo na svojim internetskim stranicama nikome izvan dru\u0161tva Apartmani Peci\u0107 bez va\u0161e dozvole, osim:<\/p>\n<p>1. u slu\u010dajevima kada je to potrebno radi izvr\u0161avanja na\u0161ih zakonskih obveza,<br \/> 2. u slu\u010dajevima kada je to potrebno radi za\u0161tite va\u0161eg \u017eivota ili tjelesnog integriteta, a vi niste u mogu\u0107nosti dati svoj pristanak za obradu svojih osobnih podataka,<br \/> 3. u slu\u010dajevima kada je to nu\u017eno radi ispunjenja zadataka koji se izvr\u0161avaju u javnom interesu,<br \/> 4. u slu\u010dajevima kada ste vi sami objavili te podatke ( \u010dl. 7., st. 3., to\u010d. 1., 2., 3. i 4. Zakona o za\u0161titi osobnih podataka ),<br \/> 5. u slu\u010dajevima kad je uklju\u010denost druge strane neophodna za ispravno funkcioniranje stranica. U takvim slu\u010dajevima, a prije dostave osobnih podataka,<br \/> druga se strana Apartmani Peci\u0107 obvezuje na \u010duvanje poslovne tajne, <br \/>6. u slu\u010daju eventualne prodaje ili pravnog sljedni\u0161tva Apartmani Peci\u0107 zadr\u017eavamo pravo prodaje ili preno\u0161enja va\u0161ih podataka tre\u0107oj strani koja:<br \/> a) provodi svoje poslovanje u okviru sli\u010dnih aktivnosti ili usluga, <br \/>b) pristaje biti slijednik Apartmani Peci\u0107 u pogledu o\u010duvanja i za\u0161tite prikupljenih podataka,<br \/> c) pristaje na obveze ove politike o za\u0161titi osobnih podataka.<br \/> Popunjavaju\u0107i formulare na na\u0161oj stranici jam\u010dite da su informacije koje ste prilo\u017eili to\u010dne te da ste u cijelosti suglasni s odredbama na\u0161e Politike privatnosti i u njoj navedenim uvjetima.<\/p>\n<p><strong>Tajnost podataka<\/strong><\/p>\n<p>\u017delimo jasno re\u0107i da prilikom posjeta ovim stranicama va\u0161i osobni podaci ostaju tajni, osim ako ih ne \u017eelite dobrovoljno otkriti. Obvezujemo se da drugim stranama ne\u0107emo otkrivati podatke koje smo zaprimili, osim u slu\u010dajevima navedenima u prethodnome poglavlju.\u00a0<\/p>\n<p><strong>Statistika poslu\u017eitelja<\/strong><\/p>\n<p>Na\u0161 poslu\u017eitelj globalne mre\u017ee koristi statisti\u010dki softver. Ti su programi standardno obilje\u017eje svih internetskih poslu\u017eitelja i nisu karakteristi\u010dni samo za na\u0161e stranice. Takvi statisti\u010dki programi omogu\u0107uju nam da svoje stranice prilagodimo na na\u010din da budu \u0161to efikasnije i jednostavnije za na\u0161e posjetitelje.<\/p>\n<p><strong>Upotreba kola\u010di\u0107a (Cookies)<\/strong><\/p>\n<p>Kako bi se olak\u0161alo pregledavanje na\u0161ih internetskih stranica, na\u0161 poslu\u017eitelj globalne mre\u017ee koristi kola\u010di\u0107e. Radi se o jako malim tekstualnim datotekama koje poslu\u017eitelj postavlja na ra\u010dunalo korisnika u svrhu pra\u0107enja statistike na\u0161ih stranica. Kola\u010di\u0107i se ne mogu koristiti za pokretanje programa ili postavljanje virusa na va\u0161e ra\u010dunalo. Pregled na\u0161ih stranica mogu\u0107 je i bez uporabe kola\u010di\u0107a, ako je va\u0161 internetski preglednik tako pode\u0161en.<\/p>\n<p><strong>Kontakt elektroni\u010dkom po\u0161tom ili telefonom<\/strong><\/p>\n<p>Kada nam \u0161aljete elektroni\u010dku po\u0161tu (e-po\u0161tu) ili nas kontaktirate telefonom s osobnim podacima po kojima vas je mogu\u0107e identificirati, bilo putem e-po\u0161te s pitanjem ili komentarom, ili obrascem koji nam dostavljate elektroni\u010dkom po\u0161tom, mi te podatke koristimo u svrhu ispunjenja va\u0161ih zahtjeva.<\/p>\n<p><strong>Sigurnost podataka<\/strong><\/p>\n<p>Radi sigurnosti podataka na ovoj adresi te kako bismo osigurali da ova usluga bude pristupa\u010dna svim korisnicima, ovaj ra\u010dunalni sustav koristi softver koji prati posjete na<br \/> mre\u017ei te prepoznaju neovla\u0161tene poku\u0161aje otpreme ili izmjene podataka, kao i one koji bi mogli prouzro\u010diti \u0161tetu na neki drugi na\u010din. Neovla\u0161teni poku\u0161aji otpreme ili<br \/> izmjene podataka na ovoj lokaciji strogo su zabranjeni.<\/p>\n<p><strong>Za\u0161tita osobnih podataka osoba koje nisu napunile 18 godina<\/strong><\/p>\n<p>Mi ne prikupljamo, ne koristimo podatke o osobama koje nisu napunile 18 godina izuzev osobnih podataka koje smo obavezni prikupiti na osnovu posebnih zakona koji ure\u0111uju to pitanje. Kao roditelj ili staratelj uvijek imate pravo zatra\u017eiti uvid u sve osobne podatke, mo\u017eete zahtijevati brisanje podataka (ako se ti podaci jo\u0161 uvijek nalaze u na\u0161oj bazi podataka), i\/ili nam zabraniti budu\u0107e sakupljanje i kori\u0161tenje podataka o va\u0161em djetetu. Osim navedene, Apartmani Peci\u0107 jam\u010di za\u0161titu osobnih podataka djece predvi\u0111ene posebnim zakonima koji ure\u0111uju to pitanje.<\/p>\n<p><strong>Kontrola<\/strong><\/p>\n<p>Mo\u017eete u svako doba zatra\u017eiti pregled svih osobnih podataka koje smo od vas dobili na jednoj od na\u0161ih adresa na mre\u017ei. Mo\u017eemo na va\u0161 zahtjev a\u017eurirati, ispraviti ili brisati te podatke (ako se doti\u010dni podaci jo\u0161 uvijek nalaze u na\u0161im bazama podataka), ili ubudu\u0107e prestati koristiti te podatke. Ako \u017eelite ostvariti to pravo, jednostavno nam se javite.<\/p>\n<p><strong>Poveznice<\/strong><\/p>\n<p>\u010cinimo sve \u0161to je u na\u0161oj mo\u0107i kako bismo osigurali da sva preusmjeravanja s na\u0161ih internetskih stranica upute vas i\/ili va\u0161e dijete na internetske stranice \u010diji je sadr\u017eaj kvalitetan u smislu da ne poti\u010de negativnosti. Me\u0111utim, stranice i adrese na mre\u017ei brzo se mijenjaju i ne mo\u017eemo uvijek jam\u010diti za sadr\u017eaj svake adrese na koju vas usmjerimo.<br \/> Ako imate bilo kakva pitanja ili dvojbe u vezi s na\u0161om Politikom za\u0161tite osobnih podataka, ili u vezi sa svojim iskustvima s ovom internetskom adresom, molimo vas da nam se javite.<\/p>\n<p>&nbsp;<\/p>\n<p><strong>Obostrano povjerenje<\/strong><\/p>\n<p>Dosljedno provo\u0111enje Zakona o za\u0161titi osobnih podataka shva\u0107amo vrlo ozbiljno. Privatnost na\u0161ih klijenata izrazito nam je va\u017ena i \u010dinimo sve kako bismo sa\u010duvali povjerljivost njihovih podataka.<\/p>\n<p><strong> Osigurani podaci<\/strong><\/p>\n<p>Podatke na\u0161ih klijenata \u0161titimo u skladu sa Zakonom o za\u0161titi osobnih podataka. Informacije koje klijenti unose online bilje\u017eimo u svoju evidenciju korisnika, ali ih ne ustupamo, ne dijelimo niti ih prodajemo tre\u0107im osobama.<\/p>\n<p>Pri obradi narud\u017ebe, odnosa s kupcima, obavje\u0161tavanja o isteku usluga te prilikom autorizacije pla\u0107anja kreditnom karticom prikupljamo samo osnovne i nu\u017ene osobne podatke. Pritom klijenti potpisom na narud\u017ebenici ili usmeno prilikom telefonske narud\u017ebe daju svoju suglasnost za obradu osobnih podataka u navedene svrhe. Ako je potrebno, osobne podatke prilikom obrade narud\u017ebe proslje\u0111ujemo isklju\u010divo poslovnim partnerima za dostavu narud\u017ebe i tiskanje reklamnog materijala. No svi na\u0161i poslovni partneri odgovorni su za po\u0161tivanje na\u010dela za\u0161tite privatnosti, jednako kao i svi na\u0161i djelatnici.<\/p>\n<p>Korisnici koji \u017eele e-mailom primati obavijesti o na\u0161im novim uslugama i ponudama, osobne podatke i postavke za primanje obavijesti mogu mijenjati samostalno na korisni\u010dkim stranicama.<\/p>\n<p>Svoje kupce i klijente informiramo o na\u010dinu kori\u0161tenja prikupljenih podataka te im u svakom trenutku dajemo mogu\u0107nost izbora upotrebe njihovih podataka.<\/p>\n<p><strong>Promjene i prestanak uvjeta kori\u0161tenja<\/strong><\/p>\n<p>Apartmani Peci\u0107 pridr\u017eava pravo izmjene ili prekida svih ili bilo kojeg dijela ove internetske lokacije te uvjeta kori\u0161tenja u bilo kojem trenutku. Promjene stupaju na snagu<br \/> objavljivanjem na ovoj adresi ili kada su korisnici o njima obavije\u0161teni. Uvjeti kori\u0161tenja primjenjuju se do raskida istih od va\u0161e strane ili od strane Apartmani Peci\u0107 Va\u0161 raskid, mogu\u0107 u bilo kojem trenutku, zna\u010di prestanak kori\u0161tenja ovih stranica i poni\u0161tenje svih materijala i sadr\u017eaja preuzetih i kori\u0161tenih s iste internetske lokacije.<\/p>\n<p>&nbsp;<\/p>\n<p>[\/et_pb_text][\/et_pb_column][\/et_pb_row][\/et_pb_section]<\/p>\n","protected":false},"excerpt":{"rendered":"<p>[et_pb_section fb_built=\"1\" _builder_version=\"3.0.47\"][et_pb_row _builder_version=\"3.0.101\" background_size=\"initial\" background_position=\"top_left\" background_repeat=\"repeat\"][et_pb_column type=\"4_4\" _builder_version=\"3.0.47\" parallax=\"off\" parallax_method=\"on\"][et_pb_text _builder_version=\"3.0.101\" background_size=\"initial\" background_position=\"top_left\" background_repeat=\"repeat\"] Informacije o obradi osobnih podataka \/ Za\u0161tita\u00a0privatnosti \/\u00a0Politika za\u0161tite osobnih podataka Donje informacije imaju za cilj da Vam pru\u017ee pregled na koji na\u010din obra\u0111ujemo Va\u0161e osobne podatke kao i da Vas upoznaju s Va\u0161im pravima u vezi s obradom osobnih [&hellip;]<\/p>\n","protected":false},"author":1,"featured_media":0,"parent":0,"menu_order":0,"comment_status":"closed","ping_status":"closed","template":"","meta":{"footnotes":""},"class_list":["post-207170","page","type-page","status-publish","hentry"],"_links":{"self":[{"href":"https:\/\/www.aparthotel-pecic.com\/apartmani-gradac\/wp-json\/wp\/v2\/pages\/207170","targetHints":{"allow":["GET"]}}],"collection":[{"href":"https:\/\/www.aparthotel-pecic.com\/apartmani-gradac\/wp-json\/wp\/v2\/pages"}],"about":[{"href":"https:\/\/www.aparthotel-pecic.com\/apartmani-gradac\/wp-json\/wp\/v2\/types\/page"}],"author":[{"embeddable":true,"href":"https:\/\/www.aparthotel-pecic.com\/apartmani-gradac\/wp-json\/wp\/v2\/users\/1"}],"replies":[{"embeddable":true,"href":"https:\/\/www.aparthotel-pecic.com\/apartmani-gradac\/wp-json\/wp\/v2\/comments?post=207170"}],"version-history":[{"count":8,"href":"https:\/\/www.aparthotel-pecic.com\/apartmani-gradac\/wp-json\/wp\/v2\/pages\/207170\/revisions"}],"predecessor-version":[{"id":207234,"href":"https:\/\/www.aparthotel-pecic.com\/apartmani-gradac\/wp-json\/wp\/v2\/pages\/207170\/revisions\/207234"}],"wp:attachment":[{"href":"https:\/\/www.aparthotel-pecic.com\/apartmani-gradac\/wp-json\/wp\/v2\/media?parent=207170"}],"curies":[{"name":"wp","href":"https:\/\/api.w.org\/{rel}","templated":true}]}}